{"id":987782,"date":"2024-03-28T11:44:10","date_gmt":"2024-03-28T11:44:10","guid":{"rendered":"https:\/\/heroes.com.tr\/?post_type=product&#038;p=987782"},"modified":"2024-04-03T21:33:04","modified_gmt":"2024-04-03T21:33:04","slug":"heroes-mavi-slime-160-gr","status":"publish","type":"product","link":"https:\/\/heroes.com.tr\/en\/product\/heroes-mavi-slime-160-gr\/","title":{"rendered":"Heroes Blue Slime - 160 GR"},"content":{"rendered":"","protected":false},"excerpt":{"rendered":"<ul>\n<li>T\u00fcm \u00fcr\u00fcnler sipari\u015f olu\u015fturulduktan sonraki 2-3 i\u015f g\u00fcn\u00fc i\u00e7erisinde kargoya verilmektedir. \u0130lgili kargo firmas\u0131n\u0131n iletti\u011fi k\u0131sa mesaj ile kargonuzu takip edebilirsiniz.<\/li>\n<li>\u0130ade ve de\u011fi\u015fim i\u00e7in faturan\u0131z ile birlikte destek@erenkirtasiye.com.tr adresine mail atabilir veya ileti\u015fim kanallar\u0131ndan bize ula\u015fabilirsiniz.<\/li>\n<\/ul>","protected":false},"featured_media":987783,"template":"","meta":[],"product_cat":[48],"product_tag":[],"class_list":{"0":"post-987782","1":"product","2":"type-product","3":"status-publish","4":"has-post-thumbnail","6":"product_cat-slime","8":"first","9":"instock","10":"taxable","11":"shipping-taxable","12":"purchasable","13":"product-type-simple"},"_links":{"self":[{"href":"https:\/\/heroes.com.tr\/en\/wp-json\/wp\/v2\/product\/987782","targetHints":{"allow":["GET"]}}],"collection":[{"href":"https:\/\/heroes.com.tr\/en\/wp-json\/wp\/v2\/product"}],"about":[{"href":"https:\/\/heroes.com.tr\/en\/wp-json\/wp\/v2\/types\/product"}],"version-history":[{"count":4,"href":"https:\/\/heroes.com.tr\/en\/wp-json\/wp\/v2\/product\/987782\/revisions"}],"predecessor-version":[{"id":988110,"href":"https:\/\/heroes.com.tr\/en\/wp-json\/wp\/v2\/product\/987782\/revisions\/988110"}],"wp:featuredmedia":[{"embeddable":true,"href":"https:\/\/heroes.com.tr\/en\/wp-json\/wp\/v2\/media\/987783"}],"wp:attachment":[{"href":"https:\/\/heroes.com.tr\/en\/wp-json\/wp\/v2\/media?parent=987782"}],"wp:term":[{"taxonomy":"product_cat","embeddable":true,"href":"https:\/\/heroes.com.tr\/en\/wp-json\/wp\/v2\/product_cat?post=987782"},{"taxonomy":"product_tag","embeddable":true,"href":"https:\/\/heroes.com.tr\/en\/wp-json\/wp\/v2\/product_tag?post=987782"}],"curies":[{"name":"wp","href":"https:\/\/api.w.org\/{rel}","templated":true}]}}